{"id":242,"date":"2025-07-22T12:52:39","date_gmt":"2025-07-22T10:52:39","guid":{"rendered":"https:\/\/Flow-Netzwerk.blogs.ruhr-uni-bochum.de\/dhomepage\/?page_id=242"},"modified":"2025-08-17T18:39:10","modified_gmt":"2025-08-17T16:39:10","slug":"das-netzwerk","status":"publish","type":"page","link":"https:\/\/Flow-Netzwerk.blogs.ruhr-uni-bochum.de\/dhomepage\/das-netzwerk\/","title":{"rendered":"Das Netzwerk"},"content":{"rendered":"\n<p class=\"has-kubio-color-6-color has-text-color has-link-color wp-elements-d7cdb5062573cff7149d26dd3a36cfd1\">Flows besitzen Anziehungskraft. Autor:innen verschiedenster Wissensfelder nutzen gezielt die Rede vom Str\u00f6men, um die Gegenwart sprachlich handhabbar zu machen. Unsere Ausgangsbeobachtung ist, dass kultur- und medienwissenschaftliche Forscher:innen j\u00fcngst mithilfe von Metaphern und Konzepten des Str\u00f6mens und Fl\u00fcssigen gro\u00df angelegte Diagnosen einer umfassend vernetzten Welt erarbeiten.<\/p>\n\n\n\n<p class=\"has-kubio-color-6-color has-text-color has-link-color wp-elements-52f2ca00ce06db16687e43898f6c401e\">Diese Welt zeichnet sich durch die kontinuierliche Mobilit\u00e4t von Daten, Personen, Kapital, Ressourcen und Material aus. Flows sind dabei mehr als nur rhetorisches Beiwerk. Sie sind eine Ressource f\u00fcr die Theoriebildung, die ver\u00e4ndert, wie wir die Gegenwart erfahren und verstehen. Das geplante Netzwerk untersucht Flows als Schmiermittel, welche die Theoriebildung anregen und fragt, wie belastbar hiermit entwickelte Beschreibungsangebote sind.<\/p>\n\n\n\n<p class=\"has-kubio-color-6-color has-text-color has-link-color wp-elements-1bfd1038f7474557a0ba34650fb1786a\">Um dem gezielt nachzugehen, m\u00f6chten wir neben den \u00fcber Flow-Semantiken organisierten Zeitdiagnosen auch an die bislang nicht systematisch erschlossene Kritik hieran anschlie\u00dfen. Beschreibungen einer Welt im Fluss bleiben oft vage, \u00fcbernehmen Management-Redeweisen, fetischisieren Technik und vernachl\u00e4ssigen gesellschaftliche Verh\u00e4ltnisse.<\/p>\n\n\n\n<p class=\"has-kubio-color-6-color has-text-color has-link-color wp-elements-10627dc1314c6f961ae648547f82b311\">Auf dieser Grundlage loten die Forscher:innen Metaphern und Konzepte aus, die sich gegen Annahmen einer Welt im Fluss richten. Dabei stehen unterschiedliche Semantiken, wie das Klebrige, Viskose und Schleimige, Stauungen, Leaks und Turbulenzen sowie das Ozeanische im Mittelpunkt.<\/p>\n\n\n\n<p class=\"has-kubio-color-6-color has-text-color has-link-color wp-elements-a18be58bd5c832b9b3431707d4c28b2b\">Die Potenziale und Grenzen dieser Semantiken, Beschreibungsangebote unserer Gegenwart organisieren zu k\u00f6nnen, untersucht das geplante Netzwerk in drei Arbeitsbereichen: in 1) historischen Relekt\u00fcren einer Welt im Fluss, in 2.) kulturellen Logiken einer flie\u00dfenden Gegenwart, sowie in 3) neu arrangierten Beziehungsgef\u00fcgen. Angesiedelt am Bochumer Institut f\u00fcr Medienwissenschaft, bindet das geplante Netzwerk auch Forschende aus den Performance-Studies, der Komparatistik und Kulturwissenschaft ein.<\/p>\n\n\n\n<figure class=\"wp-block-image\"><img loading=\"lazy\" decoding=\"async\" width=\"2560\" height=\"1920\" src=\"https:\/\/Flow-Netzwerk.blogs.ruhr-uni-bochum.de\/wp-content\/uploads\/2025\/08\/Gruppenbild_28.07.2027-scaled.jpg\" alt=\"\" class=\"wp-image-443\" srcset=\"https:\/\/Flow-Netzwerk.blogs.ruhr-uni-bochum.de\/wp-content\/uploads\/2025\/08\/Gruppenbild_28.07.2027-scaled.jpg 2560w, https:\/\/Flow-Netzwerk.blogs.ruhr-uni-bochum.de\/wp-content\/uploads\/2025\/08\/Gruppenbild_28.07.2027-300x225.jpg 300w, https:\/\/Flow-Netzwerk.blogs.ruhr-uni-bochum.de\/wp-content\/uploads\/2025\/08\/Gruppenbild_28.07.2027-1024x768.jpg 1024w, https:\/\/Flow-Netzwerk.blogs.ruhr-uni-bochum.de\/wp-content\/uploads\/2025\/08\/Gruppenbild_28.07.2027-768x576.jpg 768w, https:\/\/Flow-Netzwerk.blogs.ruhr-uni-bochum.de\/wp-content\/uploads\/2025\/08\/Gruppenbild_28.07.2027-1536x1152.jpg 1536w, https:\/\/Flow-Netzwerk.blogs.ruhr-uni-bochum.de\/wp-content\/uploads\/2025\/08\/Gruppenbild_28.07.2027-2048x1536.jpg 2048w, https:\/\/Flow-Netzwerk.blogs.ruhr-uni-bochum.de\/wp-content\/uploads\/2025\/08\/Gruppenbild_28.07.2027-1440x1080.jpg 1440w\" sizes=\"(max-width: 2560px) 100vw, 2560px\" \/><\/figure>\n","protected":false},"excerpt":{"rendered":"<p>Flows besitzen Anziehungskraft. Autor:innen verschiedenster Wissensfelder nutzen gezielt die Rede vom Str\u00f6men, um die Gegenwart sprachlich handhabbar zu machen. Unsere Ausgangsbeobachtung ist, dass kultur- und medienwissenschaftliche Forscher:innen j\u00fcngst mithilfe von Metaphern und Konzepten des Str\u00f6mens und Fl\u00fcssigen gro\u00df angelegte Diagnosen einer umfassend vernetzten Welt erarbeiten. Diese Welt zeichnet sich durch die kontinuierliche Mobilit\u00e4t von Daten, [&hellip;]<\/p>\n","protected":false},"author":2,"featured_media":0,"parent":0,"menu_order":0,"comment_status":"closed","ping_status":"closed","template":"","meta":{"saved_in_kubio":false,"footnotes":""},"class_list":["post-242","page","type-page","status-publish","hentry"],"kubio_ai_page_context":{"short_desc":"","purpose":"general"},"_links":{"self":[{"href":"https:\/\/Flow-Netzwerk.blogs.ruhr-uni-bochum.de\/dhomepage\/wp-json\/wp\/v2\/pages\/242","targetHints":{"allow":["GET"]}}],"collection":[{"href":"https:\/\/Flow-Netzwerk.blogs.ruhr-uni-bochum.de\/dhomepage\/wp-json\/wp\/v2\/pages"}],"about":[{"href":"https:\/\/Flow-Netzwerk.blogs.ruhr-uni-bochum.de\/dhomepage\/wp-json\/wp\/v2\/types\/page"}],"author":[{"embeddable":true,"href":"https:\/\/Flow-Netzwerk.blogs.ruhr-uni-bochum.de\/dhomepage\/wp-json\/wp\/v2\/users\/2"}],"replies":[{"embeddable":true,"href":"https:\/\/Flow-Netzwerk.blogs.ruhr-uni-bochum.de\/dhomepage\/wp-json\/wp\/v2\/comments?post=242"}],"version-history":[{"count":7,"href":"https:\/\/Flow-Netzwerk.blogs.ruhr-uni-bochum.de\/dhomepage\/wp-json\/wp\/v2\/pages\/242\/revisions"}],"predecessor-version":[{"id":456,"href":"https:\/\/Flow-Netzwerk.blogs.ruhr-uni-bochum.de\/dhomepage\/wp-json\/wp\/v2\/pages\/242\/revisions\/456"}],"wp:attachment":[{"href":"https:\/\/Flow-Netzwerk.blogs.ruhr-uni-bochum.de\/dhomepage\/wp-json\/wp\/v2\/media?parent=242"}],"curies":[{"name":"wp","href":"https:\/\/api.w.org\/{rel}","templated":true}]}}