{"id":331,"date":"2025-08-07T17:26:51","date_gmt":"2025-08-07T15:26:51","guid":{"rendered":"https:\/\/Flow-Netzwerk.blogs.ruhr-uni-bochum.de\/dhomepage\/impressum\/"},"modified":"2025-08-07T17:35:49","modified_gmt":"2025-08-07T15:35:49","slug":"impressum","status":"publish","type":"page","link":"https:\/\/Flow-Netzwerk.blogs.ruhr-uni-bochum.de\/dhomepage\/impressum\/","title":{"rendered":"Impressum"},"content":{"rendered":"\n\n\n<p>Ruhr-Universit\u00e4t Bochum<br>Universit\u00e4tsstra\u00dfe 150<br>44801 Bochum<br>Tel.: 0234 32-201<br>Fax: 0234 32-14201<br>E-Mail: webmaster@ruhr-uni-bochum.de<\/p>\n\n\n\n<p>Die inhaltliche Gestaltung \u00fcbernehmen<br>Aimon-Silaskaja Beetz (aimon-silaskaja.beetz@ruhr-uni-bochum.de)<br>Mathias Denecke (mathias.denecke@rub.de)<br>Alisa Kronberger (alisa.kronberger@rub.de)<\/p>\n","protected":false},"excerpt":{"rendered":"<p>Ruhr-Universit\u00e4t BochumUniversit\u00e4tsstra\u00dfe 15044801 BochumTel.: 0234 32-201Fax: 0234 32-14201E-Mail: webmaster@ruhr-uni-bochum.de Die inhaltliche Gestaltung \u00fcbernehmenAimon-Silaskaja Beetz (aimon-silaskaja.beetz@ruhr-uni-bochum.de)Mathias Denecke (mathias.denecke@rub.de)Alisa Kronberger (alisa.kronberger@rub.de)<\/p>\n","protected":false},"author":2,"featured_media":0,"parent":0,"menu_order":0,"comment_status":"closed","ping_status":"closed","template":"","meta":{"saved_in_kubio":true,"footnotes":""},"class_list":["post-331","page","type-page","status-publish","hentry"],"kubio_ai_page_context":{"short_desc":"","purpose":"general"},"_links":{"self":[{"href":"https:\/\/Flow-Netzwerk.blogs.ruhr-uni-bochum.de\/dhomepage\/wp-json\/wp\/v2\/pages\/331","targetHints":{"allow":["GET"]}}],"collection":[{"href":"https:\/\/Flow-Netzwerk.blogs.ruhr-uni-bochum.de\/dhomepage\/wp-json\/wp\/v2\/pages"}],"about":[{"href":"https:\/\/Flow-Netzwerk.blogs.ruhr-uni-bochum.de\/dhomepage\/wp-json\/wp\/v2\/types\/page"}],"author":[{"embeddable":true,"href":"https:\/\/Flow-Netzwerk.blogs.ruhr-uni-bochum.de\/dhomepage\/wp-json\/wp\/v2\/users\/2"}],"replies":[{"embeddable":true,"href":"https:\/\/Flow-Netzwerk.blogs.ruhr-uni-bochum.de\/dhomepage\/wp-json\/wp\/v2\/comments?post=331"}],"version-history":[{"count":1,"href":"https:\/\/Flow-Netzwerk.blogs.ruhr-uni-bochum.de\/dhomepage\/wp-json\/wp\/v2\/pages\/331\/revisions"}],"predecessor-version":[{"id":332,"href":"https:\/\/Flow-Netzwerk.blogs.ruhr-uni-bochum.de\/dhomepage\/wp-json\/wp\/v2\/pages\/331\/revisions\/332"}],"wp:attachment":[{"href":"https:\/\/Flow-Netzwerk.blogs.ruhr-uni-bochum.de\/dhomepage\/wp-json\/wp\/v2\/media?parent=331"}],"curies":[{"name":"wp","href":"https:\/\/api.w.org\/{rel}","templated":true}]}}